{"id":3154,"date":"2016-07-24T17:19:27","date_gmt":"2016-07-24T17:19:27","guid":{"rendered":"http:\/\/firewell.ca\/lost-password\/"},"modified":"2018-03-12T11:47:55","modified_gmt":"2018-03-12T15:47:55","slug":"lost-password","status":"publish","type":"page","link":"https:\/\/firewell.ca\/fr\/lost-password\/","title":{"rendered":"Mot de passe oubli\u00e9"},"content":{"rendered":"<p class=\"intro\">Veuillez saisir votre nom d&#8217;utilisateur ou adresse \u00e9lectronique. Cliquez sur &#8220;R\u00e9initialiser mon mot de passe&#8221; et un courriel vous sera envoy\u00e9 avec un lien vous permettant de cr\u00e9er un nouveau mot de passe.<\/p>\n\n<form method=\"post\" action=\"https:\/\/firewell.ca\/wp-login.php?action=lostpassword&#038;wpe-login=true\" class=\"bbp-login-form\">\n\t<fieldset class=\"bbp-form\">\n\t\t<legend>Lost Password<\/legend>\n\n\t\t<div class=\"bbp-username\">\n\t\t\t<p>\n\t\t\t\t<label for=\"user_login\" class=\"hide\">Username or Email: <\/label>\n\t\t\t\t<input type=\"text\" name=\"user_login\" value=\"\" size=\"20\" id=\"user_login\" maxlength=\"100\" autocomplete=\"off\" \/>\n\t\t\t<\/p>\n\t\t<\/div>\n\n\t\t\n\t\t<div class=\"bbp-submit-wrapper\">\n\n\t\t\t<button type=\"submit\" name=\"user-submit\" class=\"button submit user-submit\">Reset My Password<\/button>\n\n\t\t\t\n\t<input type=\"hidden\" name=\"user-cookie\" value=\"1\" \/>\n\n\t<input type=\"hidden\" id=\"bbp_redirect_to\" name=\"redirect_to\" value=\"https:\/\/firewell.ca\/fr\/lost-password\/?checkemail=confirm\" \/><input type=\"hidden\" id=\"_wpnonce\" name=\"_wpnonce\" value=\"571e62bc64\" \/><input type=\"hidden\" name=\"_wp_http_referer\" value=\"\/fr\/wp-json\/wp\/v2\/pages\/3154\" \/>\n\t\t<\/div>\n\t<\/fieldset>\n<\/form>\n\n","protected":false},"excerpt":{"rendered":"<p>Veuillez saisir votre nom d&#8217;utilisateur ou adresse \u00e9lectronique. Cliquez sur &#8220;R\u00e9initialiser mon mot de passe&#8221; et un courriel vous sera envoy\u00e9 avec un lien vous permettant de cr\u00e9er un nouveau mot de passe.<\/p>\n","protected":false},"author":2,"featured_media":0,"parent":0,"menu_order":0,"comment_status":"closed","ping_status":"closed","template":"","meta":{"_acf_changed":false,"_bbp_topic_count":0,"_bbp_reply_count":0,"_bbp_total_topic_count":0,"_bbp_total_reply_count":0,"_bbp_voice_count":0,"_bbp_anonymous_reply_count":0,"_bbp_topic_count_hidden":0,"_bbp_reply_count_hidden":0,"_bbp_forum_subforum_count":0,"footnotes":""},"class_list":["post-3154","page","type-page","status-publish","hentry"],"acf":[],"_links":{"self":[{"href":"https:\/\/firewell.ca\/fr\/wp-json\/wp\/v2\/pages\/3154","targetHints":{"allow":["GET"]}}],"collection":[{"href":"https:\/\/firewell.ca\/fr\/wp-json\/wp\/v2\/pages"}],"about":[{"href":"https:\/\/firewell.ca\/fr\/wp-json\/wp\/v2\/types\/page"}],"author":[{"embeddable":true,"href":"https:\/\/firewell.ca\/fr\/wp-json\/wp\/v2\/users\/2"}],"replies":[{"embeddable":true,"href":"https:\/\/firewell.ca\/fr\/wp-json\/wp\/v2\/comments?post=3154"}],"version-history":[{"count":0,"href":"https:\/\/firewell.ca\/fr\/wp-json\/wp\/v2\/pages\/3154\/revisions"}],"wp:attachment":[{"href":"https:\/\/firewell.ca\/fr\/wp-json\/wp\/v2\/media?parent=3154"}],"curies":[{"name":"wp","href":"https:\/\/api.w.org\/{rel}","templated":true}]}}