{"id":3127,"date":"2016-07-29T14:19:40","date_gmt":"2016-07-29T18:19:40","guid":{"rendered":"http:\/\/firewell.ca\/participate\/"},"modified":"2018-03-07T14:21:28","modified_gmt":"2018-03-07T19:21:28","slug":"participate","status":"publish","type":"page","link":"https:\/\/firewell.ca\/fr\/research\/participate\/","title":{"rendered":"Impliquez-vous"},"content":{"rendered":"<p class=\"intro\">Votre participation est pr\u00e9cieuse \u00e0 nos recherches!<\/p>\n<p><iframe loading=\"lazy\" src=\"https:\/\/player.vimeo.com\/video\/236585227\" width=\"640\" height=\"360\" frameborder=\"0\" webkitallowfullscreen mozallowfullscreen allowfullscreen><\/iframe><\/p>\n<p><strong>Si vous \u00eates pompier et que vous souhaitez participer \u00e0 l\u2019une des \u00e9tudes FIREWELL, veuillez compl\u00e9ter le formulaire ci-dessous.<\/strong>.<\/p>\n<script type=\"text\/javascript\">\n\/* <![CDATA[ *\/\nvar gform;gform||(document.addEventListener(\"gform_main_scripts_loaded\",function(){gform.scriptsLoaded=!0}),document.addEventListener(\"gform\/theme\/scripts_loaded\",function(){gform.themeScriptsLoaded=!0}),window.addEventListener(\"DOMContentLoaded\",function(){gform.domLoaded=!0}),gform={domLoaded:!1,scriptsLoaded:!1,themeScriptsLoaded:!1,isFormEditor:()=>\"function\"==typeof InitializeEditor,callIfLoaded:function(o){return!(!gform.domLoaded||!gform.scriptsLoaded||!gform.themeScriptsLoaded&&!gform.isFormEditor()||(gform.isFormEditor()&&console.warn(\"The use of gform.initializeOnLoaded() is deprecated in the form editor context and will be removed in Gravity Forms 3.1.\"),o(),0))},initializeOnLoaded:function(o){gform.callIfLoaded(o)||(document.addEventListener(\"gform_main_scripts_loaded\",()=>{gform.scriptsLoaded=!0,gform.callIfLoaded(o)}),document.addEventListener(\"gform\/theme\/scripts_loaded\",()=>{gform.themeScriptsLoaded=!0,gform.callIfLoaded(o)}),window.addEventListener(\"DOMContentLoaded\",()=>{gform.domLoaded=!0,gform.callIfLoaded(o)}))},hooks:{action:{},filter:{}},addAction:function(o,r,e,t){gform.addHook(\"action\",o,r,e,t)},addFilter:function(o,r,e,t){gform.addHook(\"filter\",o,r,e,t)},doAction:function(o){gform.doHook(\"action\",o,arguments)},applyFilters:function(o){return gform.doHook(\"filter\",o,arguments)},removeAction:function(o,r){gform.removeHook(\"action\",o,r)},removeFilter:function(o,r,e){gform.removeHook(\"filter\",o,r,e)},addHook:function(o,r,e,t,n){null==gform.hooks[o][r]&&(gform.hooks[o][r]=[]);var d=gform.hooks[o][r];null==n&&(n=r+\"_\"+d.length),gform.hooks[o][r].push({tag:n,callable:e,priority:t=null==t?10:t})},doHook:function(r,o,e){var t;if(e=Array.prototype.slice.call(e,1),null!=gform.hooks[r][o]&&((o=gform.hooks[r][o]).sort(function(o,r){return o.priority-r.priority}),o.forEach(function(o){\"function\"!=typeof(t=o.callable)&&(t=window[t]),\"action\"==r?t.apply(null,e):e[0]=t.apply(null,e)})),\"filter\"==r)return e[0]},removeHook:function(o,r,t,n){var e;null!=gform.hooks[o][r]&&(e=(e=gform.hooks[o][r]).filter(function(o,r,e){return!!(null!=n&&n!=o.tag||null!=t&&t!=o.priority)}),gform.hooks[o][r]=e)}});\n\/* ]]> *\/\n<\/script>\n\n                <div class='gf_browser_gecko gform_wrapper gform_legacy_markup_wrapper gform-theme--no-framework' data-form-theme='legacy' data-form-index='0' id='gform_wrapper_13' ><form method='post' enctype='multipart\/form-data'  id='gform_13'  action='\/fr\/wp-json\/wp\/v2\/pages\/3127' data-formid='13' novalidate>\n                        <div class='gform-body gform_body'><ul id='gform_fields_13' class='gform_fields top_label form_sublabel_below description_below validation_below'><li id=\"field_13_11\" class=\"gfield gfield--type-honeypot gform_validation_container field_sublabel_below gfield--has-description field_description_below field_validation_below gfield_visibility_visible\"  ><label class='gfield_label gform-field-label' for='input_13_11'>LinkedIn<\/label><div class='ginput_container'><input name='input_11' id='input_13_11' type='text' value='' autocomplete='new-password'\/><\/div><div class='gfield_description' id='gfield_description_13_11'>This field is for validation purposes and should be left unchanged.<\/div><\/li><li id=\"field_13_1\" class=\"gfield gfield--type-text gfield_contains_required field_sublabel_below gfield--no-description field_description_below field_validation_below gfield_visibility_visible\"  ><label class='gfield_label gform-field-label' for='input_13_1'>Nom<span class=\"gfield_required\"><span class=\"gfield_required gfield_required_asterisk\">*<\/span><\/span><\/label><div class='ginput_container ginput_container_text'><input name='input_1' id='input_13_1' type='text' value='' class='medium'   tabindex='1000'  aria-required=\"true\" aria-invalid=\"false\"   \/><\/div><\/li><li id=\"field_13_2\" class=\"gfield gfield--type-email gfield_contains_required field_sublabel_below gfield--no-description field_description_below field_validation_below gfield_visibility_visible\"  ><label class='gfield_label gform-field-label' for='input_13_2'>Courriel\u00a0<span class=\"gfield_required\"><span class=\"gfield_required gfield_required_asterisk\">*<\/span><\/span><\/label><div class='ginput_container ginput_container_email'>\n                            <input name='input_2' id='input_13_2' type='email' value='' class='medium' tabindex='1001'   aria-required=\"true\" aria-invalid=\"false\"  \/>\n                        <\/div><\/li><li id=\"field_13_3\" class=\"gfield gfield--type-text gfield_contains_required field_sublabel_below gfield--no-description field_description_below field_validation_below gfield_visibility_visible\"  ><label class='gfield_label gform-field-label' for='input_13_3'>Service incendie<span class=\"gfield_required\"><span class=\"gfield_required gfield_required_asterisk\">*<\/span><\/span><\/label><div class='ginput_container ginput_container_text'><input name='input_3' id='input_13_3' type='text' value='' class='medium'   tabindex='1002'  aria-required=\"true\" aria-invalid=\"false\"   \/><\/div><\/li><li id=\"field_13_4\" class=\"gfield gfield--type-text gfield_contains_required field_sublabel_below gfield--no-description field_description_below field_validation_below gfield_visibility_visible\"  ><label class='gfield_label gform-field-label' for='input_13_4'>Intitul\u00e9 de poste<span class=\"gfield_required\"><span class=\"gfield_required gfield_required_asterisk\">*<\/span><\/span><\/label><div class='ginput_container ginput_container_text'><input name='input_4' id='input_13_4' type='text' value='' class='medium'   tabindex='1003'  aria-required=\"true\" aria-invalid=\"false\"   \/><\/div><\/li><li id=\"field_13_5\" class=\"gfield gfield--type-radio gfield--type-choice gfield_contains_required field_sublabel_below gfield--no-description field_description_below field_validation_below gfield_visibility_visible\"  ><label class='gfield_label gform-field-label' >Poste<span class=\"gfield_required\"><span class=\"gfield_required gfield_required_asterisk\">*<\/span><\/span><\/label><div class='ginput_container ginput_container_radio'><ul class='gfield_radio' id='input_13_5'>\n\t\t\t<li class='gchoice gchoice_13_5_0'>\n\t\t\t\t<input name='input_5' type='radio' value='Temps plein'  id='choice_13_5_0' tabindex='1004'   \/>\n\t\t\t\t<label for='choice_13_5_0' id='label_13_5_0' class='gform-field-label gform-field-label--type-inline'>Temps plein<\/label>\n\t\t\t<\/li>\n\t\t\t<li class='gchoice gchoice_13_5_1'>\n\t\t\t\t<input name='input_5' type='radio' value='Volontaire'  id='choice_13_5_1' tabindex='1005'   \/>\n\t\t\t\t<label for='choice_13_5_1' id='label_13_5_1' class='gform-field-label gform-field-label--type-inline'>Volontaire<\/label>\n\t\t\t<\/li><\/ul><\/div><\/li><li id=\"field_13_6\" class=\"gfield gfield--type-number gfield_contains_required field_sublabel_below gfield--no-description field_description_below field_validation_below gfield_visibility_visible\"  ><label class='gfield_label gform-field-label' for='input_13_6'>Ann\u00e9es de service<span class=\"gfield_required\"><span class=\"gfield_required gfield_required_asterisk\">*<\/span><\/span><\/label><div class='ginput_container ginput_container_number'><input name='input_6' id='input_13_6' type='number' step='any'   value='' class='medium' tabindex='1006'    aria-required=\"true\" aria-invalid=\"false\"  \/><\/div><\/li><li id=\"field_13_7\" class=\"gfield gfield--type-number gfield_contains_required field_sublabel_below gfield--no-description field_description_below field_validation_below gfield_visibility_visible\"  ><label class='gfield_label gform-field-label' for='input_13_7'>Combien de temps pouvez-vous nous consacrer? (h.\/sem.)<span class=\"gfield_required\"><span class=\"gfield_required gfield_required_asterisk\">*<\/span><\/span><\/label><div class='ginput_container ginput_container_number'><input name='input_7' id='input_13_7' type='number' step='any'   value='' class='medium' tabindex='1007'    aria-required=\"true\" aria-invalid=\"false\"  \/><\/div><\/li><li id=\"field_13_10\" class=\"gfield gfield--type-checkbox gfield--type-choice gfield_contains_required field_sublabel_below gfield--no-description field_description_below field_validation_below gfield_visibility_visible\"  ><label class='gfield_label gform-field-label gfield_label_before_complex' >Veuillez cocher tous vos int\u00e9r\u00eats.<span class=\"gfield_required\"><span class=\"gfield_required gfield_required_asterisk\">*<\/span><\/span><\/label><div class='ginput_container ginput_container_checkbox'><ul class='gfield_checkbox' id='input_13_10'><li class='gchoice gchoice_13_10_1'>\n\t\t\t\t\t\t\t\t<input class='gfield-choice-input' name='input_10.1' type='checkbox'  value='Sondages en ligne'  id='choice_13_10_1' tabindex='1008'  \/>\n\t\t\t\t\t\t\t\t<label for='choice_13_10_1' id='label_13_10_1' class='gform-field-label gform-field-label--type-inline'>Sondages en ligne<\/label>\n\t\t\t\t\t\t\t<\/li><li class='gchoice gchoice_13_10_2'>\n\t\t\t\t\t\t\t\t<input class='gfield-choice-input' name='input_10.2' type='checkbox'  value='Entretiens'  id='choice_13_10_2' tabindex='1009'  \/>\n\t\t\t\t\t\t\t\t<label for='choice_13_10_2' id='label_13_10_2' class='gform-field-label gform-field-label--type-inline'>Entretiens<\/label>\n\t\t\t\t\t\t\t<\/li><li class='gchoice gchoice_13_10_3'>\n\t\t\t\t\t\t\t\t<input class='gfield-choice-input' name='input_10.3' type='checkbox'  value='Aider les chercheurs \u00e0 tester de nouveaux outils visant \u00e0 promouvoir la sant\u00e9 professionnelle des pompiers'  id='choice_13_10_3' tabindex='1010'  \/>\n\t\t\t\t\t\t\t\t<label for='choice_13_10_3' id='label_13_10_3' class='gform-field-label gform-field-label--type-inline'>Aider les chercheurs \u00e0 tester de nouveaux outils visant \u00e0 promouvoir la sant\u00e9 professionnelle des pompiers<\/label>\n\t\t\t\t\t\t\t<\/li><li class='gchoice gchoice_13_10_4'>\n\t\t\t\t\t\t\t\t<input class='gfield-choice-input' name='input_10.4' type='checkbox'  value='Collecte et partage de vid\u00e9os de t\u00e2ches de lutte contre l\u2019incendie'  id='choice_13_10_4' tabindex='1011'  \/>\n\t\t\t\t\t\t\t\t<label for='choice_13_10_4' id='label_13_10_4' class='gform-field-label gform-field-label--type-inline'>Collecte et partage de vid\u00e9os de t\u00e2ches de lutte contre l\u2019incendie<\/label>\n\t\t\t\t\t\t\t<\/li><li class='gchoice gchoice_13_10_5'>\n\t\t\t\t\t\t\t\t<input class='gfield-choice-input' name='input_10.5' type='checkbox'  value='Autre (veuillez sp\u00e9cifier ci-dessous)'  id='choice_13_10_5' tabindex='1012'  \/>\n\t\t\t\t\t\t\t\t<label for='choice_13_10_5' id='label_13_10_5' class='gform-field-label gform-field-label--type-inline'>Autre (veuillez sp\u00e9cifier ci-dessous)<\/label>\n\t\t\t\t\t\t\t<\/li><\/ul><\/div><\/li><li id=\"field_13_9\" class=\"gfield gfield--type-textarea field_sublabel_below gfield--has-description field_description_below field_validation_below gfield_visibility_visible\"  ><label class='gfield_label gform-field-label' for='input_13_9'>Y a-t-il autre chose que vous aimeriez nous dire?<\/label><div class='ginput_container ginput_container_textarea'><textarea name='input_9' id='input_13_9' class='textarea medium' tabindex='1013' aria-describedby=\"gfield_description_13_9\"    aria-invalid=\"false\"   rows='10' cols='50'><\/textarea><\/div><div class='gfield_description' id='gfield_description_13_9'>En soumettant ce formulaire, vous consentez \u00e0 ce que Firewell recueille vos renseignements personnels. Nous ne vendrons jamais vos renseignements et ne vous enverrons jamais de pourriel.<\/div><\/li><\/ul><\/div>\n        <div class='gform-footer gform_footer top_label'> <input type='submit' id='gform_submit_button_13' class='gform_button button' onclick='gform.submission.handleButtonClick(this);' data-submission-type='submit' value='Je souhaite participer' tabindex='1014' \/> \n            <input type='hidden' class='gform_hidden' name='gform_submission_method' data-js='gform_submission_method_13' value='postback' \/>\n            <input type='hidden' class='gform_hidden' name='gform_theme' data-js='gform_theme_13' id='gform_theme_13' value='legacy' \/>\n            <input type='hidden' class='gform_hidden' name='gform_style_settings' data-js='gform_style_settings_13' id='gform_style_settings_13' value='[]' \/>\n            <input type='hidden' class='gform_hidden' name='is_submit_13' value='1' \/>\n            <input type='hidden' class='gform_hidden' name='gform_submit' value='13' \/>\n            \n            <input type='hidden' class='gform_hidden' name='gform_currency' data-currency='USD' value='UML\/EDg7q7ivpji\/uhBgA2KpawueQw7Jkiulo12lEI86C3ZyjU\/EMVFA4ht93XkfFdIXvNZgCkv3fKcsXhJYXvcFDiq1ef5OkibR2HLIBQwRFeY=' \/>\n            <input type='hidden' class='gform_hidden' name='gform_unique_id' value='' \/>\n            <input type='hidden' class='gform_hidden' name='state_13' value='WyJbXSIsImEzZDQxMDA2ZDJiMGFjYTAwZmNmNTA0YTRiMzAwYzE2Il0=' \/>\n            <input type='hidden' autocomplete='off' class='gform_hidden' name='gform_target_page_number_13' id='gform_target_page_number_13' value='0' \/>\n            <input type='hidden' autocomplete='off' class='gform_hidden' name='gform_source_page_number_13' id='gform_source_page_number_13' value='1' \/>\n            <input type='hidden' name='gform_field_values' value='' \/>\n            \n        <\/div>\n                        <\/form>\n                        <\/div><script type=\"text\/javascript\">\n\/* <![CDATA[ *\/\n gform.initializeOnLoaded( function() {gformInitSpinner( 13, 'https:\/\/firewell.ca\/wp-content\/plugins\/gravityforms\/images\/spinner.svg', true );jQuery('#gform_ajax_frame_13').on('load',function(){var contents = jQuery(this).contents().find('*').html();var is_postback = contents.indexOf('GF_AJAX_POSTBACK') >= 0;if(!is_postback){return;}var form_content = jQuery(this).contents().find('#gform_wrapper_13');var is_confirmation = jQuery(this).contents().find('#gform_confirmation_wrapper_13').length > 0;var is_redirect = contents.indexOf('gformRedirect(){') >= 0;var is_form = form_content.length > 0 && ! is_redirect && ! is_confirmation;var mt = parseInt(jQuery('html').css('margin-top'), 10) + parseInt(jQuery('body').css('margin-top'), 10) + 100;if(is_form){jQuery('#gform_wrapper_13').html(form_content.html());if(form_content.hasClass('gform_validation_error')){jQuery('#gform_wrapper_13').addClass('gform_validation_error');} else {jQuery('#gform_wrapper_13').removeClass('gform_validation_error');}setTimeout( function() { \/* delay the scroll by 50 milliseconds to fix a bug in chrome *\/  }, 50 );if(window['gformInitDatepicker']) {gformInitDatepicker();}if(window['gformInitPriceFields']) {gformInitPriceFields();}var current_page = jQuery('#gform_source_page_number_13').val();gformInitSpinner( 13, 'https:\/\/firewell.ca\/wp-content\/plugins\/gravityforms\/images\/spinner.svg', true );jQuery(document).trigger('gform_page_loaded', [13, current_page]);window['gf_submitting_13'] = false;}else if(!is_redirect){var confirmation_content = jQuery(this).contents().find('.GF_AJAX_POSTBACK').html();if(!confirmation_content){confirmation_content = contents;}jQuery('#gform_wrapper_13').replaceWith(confirmation_content);jQuery(document).trigger('gform_confirmation_loaded', [13]);window['gf_submitting_13'] = false;wp.a11y.speak(jQuery('#gform_confirmation_message_13').text());}else{jQuery('#gform_13').append(contents);if(window['gformRedirect']) {gformRedirect();}}jQuery(document).trigger(\"gform_pre_post_render\", [{ formId: \"13\", currentPage: \"current_page\", abort: function() { this.preventDefault(); } }]);        if (event && event.defaultPrevented) {                return;        }        const gformWrapperDiv = document.getElementById( \"gform_wrapper_13\" );        if ( gformWrapperDiv ) {            const visibilitySpan = document.createElement( \"span\" );            visibilitySpan.id = \"gform_visibility_test_13\";            gformWrapperDiv.insertAdjacentElement( \"afterend\", visibilitySpan );        }        const visibilityTestDiv = document.getElementById( \"gform_visibility_test_13\" );        let postRenderFired = false;        function triggerPostRender() {            if ( postRenderFired ) {                return;            }            postRenderFired = true;            gform.core.triggerPostRenderEvents( 13, current_page );            if ( visibilityTestDiv ) {                visibilityTestDiv.parentNode.removeChild( visibilityTestDiv );            }        }        function debounce( func, wait, immediate ) {            var timeout;            return function() {                var context = this, args = arguments;                var later = function() {                    timeout = null;                    if ( !immediate ) func.apply( context, args );                };                var callNow = immediate && !timeout;                clearTimeout( timeout );                timeout = setTimeout( later, wait );                if ( callNow ) func.apply( context, args );            };        }        const debouncedTriggerPostRender = debounce( function() {            triggerPostRender();        }, 200 );        if ( visibilityTestDiv && visibilityTestDiv.offsetParent === null ) {            const observer = new MutationObserver( ( mutations ) => {                mutations.forEach( ( mutation ) => {                    if ( mutation.type === 'attributes' && visibilityTestDiv.offsetParent !== null ) {                        debouncedTriggerPostRender();                        observer.disconnect();                    }                });            });            observer.observe( document.body, {                attributes: true,                childList: false,                subtree: true,                attributeFilter: [ 'style', 'class' ],            });        } else {            triggerPostRender();        }    } );} ); \n\/* ]]> *\/\n<\/script>\n\n","protected":false},"excerpt":{"rendered":"<p>Votre participation est pr\u00e9cieuse \u00e0 nos recherches! Si vous \u00eates pompier et que vous souhaitez participer \u00e0 l\u2019une des \u00e9tudes FIREWELL, veuillez compl\u00e9ter le formulaire ci-dessous..<\/p>\n","protected":false},"author":1,"featured_media":0,"parent":3142,"menu_order":0,"comment_status":"closed","ping_status":"closed","template":"","meta":{"_acf_changed":false,"_bbp_topic_count":0,"_bbp_reply_count":0,"_bbp_total_topic_count":0,"_bbp_total_reply_count":0,"_bbp_voice_count":0,"_bbp_anonymous_reply_count":0,"_bbp_topic_count_hidden":0,"_bbp_reply_count_hidden":0,"_bbp_forum_subforum_count":0,"footnotes":""},"class_list":["post-3127","page","type-page","status-publish","hentry"],"acf":[],"_links":{"self":[{"href":"https:\/\/firewell.ca\/fr\/wp-json\/wp\/v2\/pages\/3127","targetHints":{"allow":["GET"]}}],"collection":[{"href":"https:\/\/firewell.ca\/fr\/wp-json\/wp\/v2\/pages"}],"about":[{"href":"https:\/\/firewell.ca\/fr\/wp-json\/wp\/v2\/types\/page"}],"author":[{"embeddable":true,"href":"https:\/\/firewell.ca\/fr\/wp-json\/wp\/v2\/users\/1"}],"replies":[{"embeddable":true,"href":"https:\/\/firewell.ca\/fr\/wp-json\/wp\/v2\/comments?post=3127"}],"version-history":[{"count":0,"href":"https:\/\/firewell.ca\/fr\/wp-json\/wp\/v2\/pages\/3127\/revisions"}],"up":[{"embeddable":true,"href":"https:\/\/firewell.ca\/fr\/wp-json\/wp\/v2\/pages\/3142"}],"wp:attachment":[{"href":"https:\/\/firewell.ca\/fr\/wp-json\/wp\/v2\/media?parent=3127"}],"curies":[{"name":"wp","href":"https:\/\/api.w.org\/{rel}","templated":true}]}}