{"id":3123,"date":"2016-10-26T17:07:31","date_gmt":"2016-10-26T21:07:31","guid":{"rendered":"http:\/\/firewell.ca\/collaborate\/"},"modified":"2018-03-13T23:07:54","modified_gmt":"2018-03-14T03:07:54","slug":"collaborate","status":"publish","type":"page","link":"https:\/\/firewell.ca\/fr\/research\/collaborate\/","title":{"rendered":"Devenez collaborateur"},"content":{"rendered":"<p class=\"intro\">Nous cherchons des pompiers, chercheurs, professionnels de la sant\u00e9 et autres intervenants pertinents partout au Canada qui souhaitent travailler avec l\u2019\u00e9quipe FIREWELL pour optimiser la participation au travail des pompiers.<\/p>\n<p>Les pompiers qui s\u2019int\u00e9ressent \u00e0 la recherche peuvent participer \u00e0 divers aspects des recherches FIREWELL. Si vous souhaitez devenir collaborateur FIREWELL, veuillez compl\u00e9ter le formulaire ci-dessous.<\/p>\n<script type=\"text\/javascript\">\n\/* <![CDATA[ *\/\nvar gform;gform||(document.addEventListener(\"gform_main_scripts_loaded\",function(){gform.scriptsLoaded=!0}),document.addEventListener(\"gform\/theme\/scripts_loaded\",function(){gform.themeScriptsLoaded=!0}),window.addEventListener(\"DOMContentLoaded\",function(){gform.domLoaded=!0}),gform={domLoaded:!1,scriptsLoaded:!1,themeScriptsLoaded:!1,isFormEditor:()=>\"function\"==typeof InitializeEditor,callIfLoaded:function(o){return!(!gform.domLoaded||!gform.scriptsLoaded||!gform.themeScriptsLoaded&&!gform.isFormEditor()||(gform.isFormEditor()&&console.warn(\"The use of gform.initializeOnLoaded() is deprecated in the form editor context and will be removed in Gravity Forms 3.1.\"),o(),0))},initializeOnLoaded:function(o){gform.callIfLoaded(o)||(document.addEventListener(\"gform_main_scripts_loaded\",()=>{gform.scriptsLoaded=!0,gform.callIfLoaded(o)}),document.addEventListener(\"gform\/theme\/scripts_loaded\",()=>{gform.themeScriptsLoaded=!0,gform.callIfLoaded(o)}),window.addEventListener(\"DOMContentLoaded\",()=>{gform.domLoaded=!0,gform.callIfLoaded(o)}))},hooks:{action:{},filter:{}},addAction:function(o,r,e,t){gform.addHook(\"action\",o,r,e,t)},addFilter:function(o,r,e,t){gform.addHook(\"filter\",o,r,e,t)},doAction:function(o){gform.doHook(\"action\",o,arguments)},applyFilters:function(o){return gform.doHook(\"filter\",o,arguments)},removeAction:function(o,r){gform.removeHook(\"action\",o,r)},removeFilter:function(o,r,e){gform.removeHook(\"filter\",o,r,e)},addHook:function(o,r,e,t,n){null==gform.hooks[o][r]&&(gform.hooks[o][r]=[]);var d=gform.hooks[o][r];null==n&&(n=r+\"_\"+d.length),gform.hooks[o][r].push({tag:n,callable:e,priority:t=null==t?10:t})},doHook:function(r,o,e){var t;if(e=Array.prototype.slice.call(e,1),null!=gform.hooks[r][o]&&((o=gform.hooks[r][o]).sort(function(o,r){return o.priority-r.priority}),o.forEach(function(o){\"function\"!=typeof(t=o.callable)&&(t=window[t]),\"action\"==r?t.apply(null,e):e[0]=t.apply(null,e)})),\"filter\"==r)return e[0]},removeHook:function(o,r,t,n){var e;null!=gform.hooks[o][r]&&(e=(e=gform.hooks[o][r]).filter(function(o,r,e){return!!(null!=n&&n!=o.tag||null!=t&&t!=o.priority)}),gform.hooks[o][r]=e)}});\n\/* ]]> *\/\n<\/script>\n\n                <div class='gf_browser_gecko gform_wrapper gform_legacy_markup_wrapper gform-theme--no-framework' data-form-theme='legacy' data-form-index='0' id='gform_wrapper_12' style='display:none'><form method='post' enctype='multipart\/form-data'  id='gform_12'  action='\/fr\/wp-json\/wp\/v2\/pages\/3123' data-formid='12' novalidate>\n                        <div class='gform-body gform_body'><ul id='gform_fields_12' class='gform_fields top_label form_sublabel_below description_below validation_below'><li id=\"field_12_18\" class=\"gfield gfield--type-honeypot gform_validation_container field_sublabel_below gfield--has-description field_description_below field_validation_below gfield_visibility_visible\"  ><label class='gfield_label gform-field-label' for='input_12_18'>Email<\/label><div class='ginput_container'><input name='input_18' id='input_12_18' type='text' value='' autocomplete='new-password'\/><\/div><div class='gfield_description' id='gfield_description_12_18'>This field is for validation purposes and should be left unchanged.<\/div><\/li><li id=\"field_12_1\" class=\"gfield gfield--type-text gfield_contains_required field_sublabel_below gfield--no-description field_description_below field_validation_below gfield_visibility_visible\"  ><label class='gfield_label gform-field-label' for='input_12_1'>Nom<span class=\"gfield_required\"><span class=\"gfield_required gfield_required_asterisk\">*<\/span><\/span><\/label><div class='ginput_container ginput_container_text'><input name='input_1' id='input_12_1' type='text' value='' class='medium'   tabindex='1000'  aria-required=\"true\" aria-invalid=\"false\"   \/><\/div><\/li><li id=\"field_12_2\" class=\"gfield gfield--type-email gfield_contains_required field_sublabel_below gfield--no-description field_description_below field_validation_below gfield_visibility_visible\"  ><label class='gfield_label gform-field-label' for='input_12_2'>Courriel\u00a0<span class=\"gfield_required\"><span class=\"gfield_required gfield_required_asterisk\">*<\/span><\/span><\/label><div class='ginput_container ginput_container_email'>\n                            <input name='input_2' id='input_12_2' type='email' value='' class='medium' tabindex='1001'   aria-required=\"true\" aria-invalid=\"false\"  \/>\n                        <\/div><\/li><li id=\"field_12_10\" class=\"gfield gfield--type-select gfield_contains_required field_sublabel_below gfield--no-description field_description_below field_validation_below gfield_visibility_visible\"  ><label class='gfield_label gform-field-label' for='input_12_10'>Je suis...<span class=\"gfield_required\"><span class=\"gfield_required gfield_required_asterisk\">*<\/span><\/span><\/label><div class='ginput_container ginput_container_select'><select name='input_10' id='input_12_10' class='large gfield_select' tabindex='1002'   aria-required=\"true\" aria-invalid=\"false\" ><option value='' selected='selected' class='gf_placeholder'>S\u00e9lectionner une option<\/option><option value='Pompier' >Pompier<\/option><option value='Chercheur' >Chercheur<\/option><option value='Professionnel de sant\u00e9 ou sp\u00e9cialiste de gestion de l\u2019invalidit\u00e9' >Professionnel de sant\u00e9 ou sp\u00e9cialiste de gestion de l\u2019invalidit\u00e9<\/option><\/select><\/div><\/li><li id=\"field_12_3\" class=\"gfield gfield--type-text gfield_contains_required field_sublabel_below gfield--no-description field_description_below field_validation_below gfield_visibility_visible\"  ><label class='gfield_label gform-field-label' for='input_12_3'>Organisation<span class=\"gfield_required\"><span class=\"gfield_required gfield_required_asterisk\">*<\/span><\/span><\/label><div class='ginput_container ginput_container_text'><input name='input_3' id='input_12_3' type='text' value='' class='medium'   tabindex='1003'  aria-required=\"true\" aria-invalid=\"false\"   \/><\/div><\/li><li id=\"field_12_7\" class=\"gfield gfield--type-number gfield_contains_required field_sublabel_below gfield--no-description field_description_below field_validation_below gfield_visibility_visible\"  ><label class='gfield_label gform-field-label' for='input_12_7'>Combien de temps pouvez-vous nous consacrer? (h.\/sem.)<span class=\"gfield_required\"><span class=\"gfield_required gfield_required_asterisk\">*<\/span><\/span><\/label><div class='ginput_container ginput_container_number'><input name='input_7' id='input_12_7' type='number' step='any'   value='' class='medium' tabindex='1004'    aria-required=\"true\" aria-invalid=\"false\"  \/><\/div><\/li><li id=\"field_12_16\" class=\"gfield gfield--type-checkbox gfield--type-choice gfield_contains_required field_sublabel_below gfield--no-description field_description_below field_validation_below gfield_visibility_visible\"  ><label class='gfield_label gform-field-label gfield_label_before_complex' >Veuillez cocher toutes les activit\u00e9s qui vous int\u00e9ressent  :<span class=\"gfield_required\"><span class=\"gfield_required gfield_required_asterisk\">*<\/span><\/span><\/label><div class='ginput_container ginput_container_checkbox'><ul class='gfield_checkbox' id='input_12_16'><li class='gchoice gchoice_12_16_1'>\n\t\t\t\t\t\t\t\t<input class='gfield-choice-input' name='input_16.1' type='checkbox'  value='participer \u00e0 des r\u00e9unions de consensus (en personne ou virtuellement) sur les domaines de recherche prioritaires pour les pompiers'  id='choice_12_16_1' tabindex='1005'  \/>\n\t\t\t\t\t\t\t\t<label for='choice_12_16_1' id='label_12_16_1' class='gform-field-label gform-field-label--type-inline'>participer \u00e0 des r\u00e9unions de consensus (en personne ou virtuellement) sur les domaines de recherche prioritaires pour les pompiers<\/label>\n\t\t\t\t\t\t\t<\/li><li class='gchoice gchoice_12_16_2'>\n\t\t\t\t\t\t\t\t<input class='gfield-choice-input' name='input_16.2' type='checkbox'  value='cr\u00e9er des liens avec les associations de pompiers provinciales, nationales et internationales'  id='choice_12_16_2' tabindex='1006'  \/>\n\t\t\t\t\t\t\t\t<label for='choice_12_16_2' id='label_12_16_2' class='gform-field-label gform-field-label--type-inline'>cr\u00e9er des liens avec les associations de pompiers provinciales, nationales et internationales<\/label>\n\t\t\t\t\t\t\t<\/li><li class='gchoice gchoice_12_16_3'>\n\t\t\t\t\t\t\t\t<input class='gfield-choice-input' name='input_16.3' type='checkbox'  value='sugg\u00e9rer des id\u00e9es de projets de recherche'  id='choice_12_16_3' tabindex='1007'  \/>\n\t\t\t\t\t\t\t\t<label for='choice_12_16_3' id='label_12_16_3' class='gform-field-label gform-field-label--type-inline'>sugg\u00e9rer des id\u00e9es de projets de recherche<\/label>\n\t\t\t\t\t\t\t<\/li><li class='gchoice gchoice_12_16_4'>\n\t\t\t\t\t\t\t\t<input class='gfield-choice-input' name='input_16.4' type='checkbox'  value='contribuer \u00e0 la conception d&#039;interventions et de processus pour am\u00e9liorer la sant\u00e9 des pompiers et promouvoir la s\u00e9curit\u00e9 au travail'  id='choice_12_16_4' tabindex='1008'  \/>\n\t\t\t\t\t\t\t\t<label for='choice_12_16_4' id='label_12_16_4' class='gform-field-label gform-field-label--type-inline'>contribuer \u00e0 la conception d'interventions et de processus pour am\u00e9liorer la sant\u00e9 des pompiers et promouvoir la s\u00e9curit\u00e9 au travail<\/label>\n\t\t\t\t\t\t\t<\/li><li class='gchoice gchoice_12_16_5'>\n\t\t\t\t\t\t\t\t<input class='gfield-choice-input' name='input_16.5' type='checkbox'  value='co-concevoir les m\u00e9thodes employ\u00e9es pour les projets de recherche'  id='choice_12_16_5' tabindex='1009'  \/>\n\t\t\t\t\t\t\t\t<label for='choice_12_16_5' id='label_12_16_5' class='gform-field-label gform-field-label--type-inline'>co-concevoir les m\u00e9thodes employ\u00e9es pour les projets de recherche<\/label>\n\t\t\t\t\t\t\t<\/li><li class='gchoice gchoice_12_16_6'>\n\t\t\t\t\t\t\t\t<input class='gfield-choice-input' name='input_16.6' type='checkbox'  value='donner acc\u00e8s aux \u00e9quipements r\u00e9els (camions, \u00e9quipement de protection et casernes) pour les projets de recherche'  id='choice_12_16_6' tabindex='1010'  \/>\n\t\t\t\t\t\t\t\t<label for='choice_12_16_6' id='label_12_16_6' class='gform-field-label gform-field-label--type-inline'>donner acc\u00e8s aux \u00e9quipements r\u00e9els (camions, \u00e9quipement de protection et casernes) pour les projets de recherche<\/label>\n\t\t\t\t\t\t\t<\/li><li class='gchoice gchoice_12_16_7'>\n\t\t\t\t\t\t\t\t<input class='gfield-choice-input' name='input_16.7' type='checkbox'  value='ex\u00e9cuter les protocoles d&#039;\u00e9tudes de recherche (p. ex., recrutement, collecte de donn\u00e9es)'  id='choice_12_16_7' tabindex='1011'  \/>\n\t\t\t\t\t\t\t\t<label for='choice_12_16_7' id='label_12_16_7' class='gform-field-label gform-field-label--type-inline'>ex\u00e9cuter les protocoles d'\u00e9tudes de recherche (p. ex., recrutement, collecte de donn\u00e9es)<\/label>\n\t\t\t\t\t\t\t<\/li><li class='gchoice gchoice_12_16_8'>\n\t\t\t\t\t\t\t\t<input class='gfield-choice-input' name='input_16.8' type='checkbox'  value='partager les r\u00e9sultats de la recherche avec d&#039;autres pompiers'  id='choice_12_16_8' tabindex='1012'  \/>\n\t\t\t\t\t\t\t\t<label for='choice_12_16_8' id='label_12_16_8' class='gform-field-label gform-field-label--type-inline'>partager les r\u00e9sultats de la recherche avec d'autres pompiers<\/label>\n\t\t\t\t\t\t\t<\/li><li class='gchoice gchoice_12_16_9'>\n\t\t\t\t\t\t\t\t<input class='gfield-choice-input' name='input_16.9' type='checkbox'  value='int\u00e9grer les outils issus de la recherche dans les casernes'  id='choice_12_16_9' tabindex='1013'  \/>\n\t\t\t\t\t\t\t\t<label for='choice_12_16_9' id='label_12_16_9' class='gform-field-label gform-field-label--type-inline'>int\u00e9grer les outils issus de la recherche dans les casernes<\/label>\n\t\t\t\t\t\t\t<\/li><li class='gchoice gchoice_12_16_11'>\n\t\t\t\t\t\t\t\t<input class='gfield-choice-input' name='input_16.11' type='checkbox'  value='fournir du contenu pour le site Web FIREWELL'  id='choice_12_16_11' tabindex='1014'  \/>\n\t\t\t\t\t\t\t\t<label for='choice_12_16_11' id='label_12_16_11' class='gform-field-label gform-field-label--type-inline'>fournir du contenu pour le site Web FIREWELL<\/label>\n\t\t\t\t\t\t\t<\/li><li class='gchoice gchoice_12_16_12'>\n\t\t\t\t\t\t\t\t<input class='gfield-choice-input' name='input_16.12' type='checkbox'  value='autre (veuillez sp\u00e9cifier dans la derni\u00e8re case de commentaires)'  id='choice_12_16_12' tabindex='1015'  \/>\n\t\t\t\t\t\t\t\t<label for='choice_12_16_12' id='label_12_16_12' class='gform-field-label gform-field-label--type-inline'>autre (veuillez sp\u00e9cifier dans la derni\u00e8re case de commentaires)<\/label>\n\t\t\t\t\t\t\t<\/li><\/ul><\/div><\/li><li id=\"field_12_17\" class=\"gfield gfield--type-checkbox gfield--type-choice gfield_contains_required field_sublabel_below gfield--no-description field_description_below field_validation_below gfield_visibility_visible\"  ><label class='gfield_label gform-field-label gfield_label_before_complex' >Veuillez cocher tous vos int\u00e9r\u00eats.<span class=\"gfield_required\"><span class=\"gfield_required gfield_required_asterisk\">*<\/span><\/span><\/label><div class='ginput_container ginput_container_checkbox'><ul class='gfield_checkbox' id='input_12_17'><li class='gchoice gchoice_12_17_1'>\n\t\t\t\t\t\t\t\t<input class='gfield-choice-input' name='input_17.1' type='checkbox'  value='d\u00e9veloppement d&#039;id\u00e9es de recherche'  id='choice_12_17_1' tabindex='1016'  \/>\n\t\t\t\t\t\t\t\t<label for='choice_12_17_1' id='label_12_17_1' class='gform-field-label gform-field-label--type-inline'>d\u00e9veloppement d'id\u00e9es de recherche<\/label>\n\t\t\t\t\t\t\t<\/li><li class='gchoice gchoice_12_17_2'>\n\t\t\t\t\t\t\t\t<input class='gfield-choice-input' name='input_17.2' type='checkbox'  value='d\u00e9veloppement de protocoles'  id='choice_12_17_2' tabindex='1017'  \/>\n\t\t\t\t\t\t\t\t<label for='choice_12_17_2' id='label_12_17_2' class='gform-field-label gform-field-label--type-inline'>d\u00e9veloppement de protocoles<\/label>\n\t\t\t\t\t\t\t<\/li><li class='gchoice gchoice_12_17_3'>\n\t\t\t\t\t\t\t\t<input class='gfield-choice-input' name='input_17.3' type='checkbox'  value='ex\u00e9cution de projets'  id='choice_12_17_3' tabindex='1018'  \/>\n\t\t\t\t\t\t\t\t<label for='choice_12_17_3' id='label_12_17_3' class='gform-field-label gform-field-label--type-inline'>ex\u00e9cution de projets<\/label>\n\t\t\t\t\t\t\t<\/li><li class='gchoice gchoice_12_17_4'>\n\t\t\t\t\t\t\t\t<input class='gfield-choice-input' name='input_17.4' type='checkbox'  value='interpr\u00e9tation de r\u00e9sultats'  id='choice_12_17_4' tabindex='1019'  \/>\n\t\t\t\t\t\t\t\t<label for='choice_12_17_4' id='label_12_17_4' class='gform-field-label gform-field-label--type-inline'>interpr\u00e9tation de r\u00e9sultats<\/label>\n\t\t\t\t\t\t\t<\/li><li class='gchoice gchoice_12_17_5'>\n\t\t\t\t\t\t\t\t<input class='gfield-choice-input' name='input_17.5' type='checkbox'  value='activit\u00e9s de transfert des connaissances'  id='choice_12_17_5' tabindex='1020'  \/>\n\t\t\t\t\t\t\t\t<label for='choice_12_17_5' id='label_12_17_5' class='gform-field-label gform-field-label--type-inline'>activit\u00e9s de transfert des connaissances<\/label>\n\t\t\t\t\t\t\t<\/li><li class='gchoice gchoice_12_17_6'>\n\t\t\t\t\t\t\t\t<input class='gfield-choice-input' name='input_17.6' type='checkbox'  value='autre (veuillez sp\u00e9cifier dans la derni\u00e8re case de commentaires)'  id='choice_12_17_6' tabindex='1021'  \/>\n\t\t\t\t\t\t\t\t<label for='choice_12_17_6' id='label_12_17_6' class='gform-field-label gform-field-label--type-inline'>autre (veuillez sp\u00e9cifier dans la derni\u00e8re case de commentaires)<\/label>\n\t\t\t\t\t\t\t<\/li><\/ul><\/div><\/li><li id=\"field_12_11\" class=\"gfield gfield--type-post_custom_field gfield--input-type-textarea gfield_contains_required field_sublabel_below gfield--no-description field_description_below field_validation_below gfield_visibility_visible\"  ><label class='gfield_label gform-field-label' for='input_12_11'>Int\u00e9r\u00eats de recherche et expertise (veuillez sp\u00e9cifier)<span class=\"gfield_required\"><span class=\"gfield_required gfield_required_asterisk\">*<\/span><\/span><\/label><div class='ginput_container ginput_container_textarea'><textarea name='input_11' id='input_12_11' class='textarea medium' tabindex='1022'    aria-required=\"true\" aria-invalid=\"false\"   rows='10' cols='50'><\/textarea><\/div><\/li><li id=\"field_12_13\" class=\"gfield gfield--type-post_custom_field gfield--input-type-textarea gfield_contains_required field_sublabel_below gfield--no-description field_description_below field_validation_below gfield_visibility_visible\"  ><label class='gfield_label gform-field-label' for='input_12_13'>Int\u00e9r\u00eats cliniques et expertise (veuillez sp\u00e9cifier)<span class=\"gfield_required\"><span class=\"gfield_required gfield_required_asterisk\">*<\/span><\/span><\/label><div class='ginput_container ginput_container_textarea'><textarea name='input_13' id='input_12_13' class='textarea medium' tabindex='1023'    aria-required=\"true\" aria-invalid=\"false\"   rows='10' cols='50'><\/textarea><\/div><\/li><li id=\"field_12_9\" class=\"gfield gfield--type-textarea field_sublabel_below gfield--has-description field_description_below field_validation_below gfield_visibility_visible\"  ><label class='gfield_label gform-field-label' for='input_12_9'>Y a-t-il autre chose que vous aimeriez nous dire?<\/label><div class='ginput_container ginput_container_textarea'><textarea name='input_9' id='input_12_9' class='textarea medium' tabindex='1024' aria-describedby=\"gfield_description_12_9\"    aria-invalid=\"false\"   rows='10' cols='50'><\/textarea><\/div><div class='gfield_description' id='gfield_description_12_9'>En soumettant ce formulaire, vous consentez \u00e0 ce que Firewell recueille vos renseignements personnels. Nous ne vendrons jamais vos renseignements et ne vous enverrons jamais de pourriel.<\/div><\/li><\/ul><\/div>\n        <div class='gform-footer gform_footer top_label'> <input type='submit' id='gform_submit_button_12' class='gform_button button' onclick='gform.submission.handleButtonClick(this);' data-submission-type='submit' value='Je souhaite participer' tabindex='1025' \/> \n            <input type='hidden' class='gform_hidden' name='gform_submission_method' data-js='gform_submission_method_12' value='postback' \/>\n            <input type='hidden' class='gform_hidden' name='gform_theme' data-js='gform_theme_12' id='gform_theme_12' value='legacy' \/>\n            <input type='hidden' class='gform_hidden' name='gform_style_settings' data-js='gform_style_settings_12' id='gform_style_settings_12' value='[]' \/>\n            <input type='hidden' class='gform_hidden' name='is_submit_12' value='1' \/>\n            <input type='hidden' class='gform_hidden' name='gform_submit' value='12' \/>\n            \n            <input type='hidden' class='gform_hidden' name='gform_currency' data-currency='USD' value='v0vDQKW4ReuZAXqmZyTDYzBqE\/26mH2Un7i34rG24c\/8S11zBZm7t5mieIneU9iGhEkZvKhInMsi3scjBbZuMoTUigHGUUCa71vZCmAoMupZz7o=' \/>\n            <input type='hidden' class='gform_hidden' name='gform_unique_id' value='' \/>\n            <input type='hidden' class='gform_hidden' name='state_12' value='WyJbXSIsImEzZDQxMDA2ZDJiMGFjYTAwZmNmNTA0YTRiMzAwYzE2Il0=' \/>\n            <input type='hidden' autocomplete='off' class='gform_hidden' name='gform_target_page_number_12' id='gform_target_page_number_12' value='0' \/>\n            <input type='hidden' autocomplete='off' class='gform_hidden' name='gform_source_page_number_12' id='gform_source_page_number_12' value='1' \/>\n            <input type='hidden' name='gform_field_values' value='' \/>\n            \n        <\/div>\n                        <\/form>\n                        <\/div><script type=\"text\/javascript\">\n\/* <![CDATA[ *\/\n gform.initializeOnLoaded( function() {gformInitSpinner( 12, 'https:\/\/firewell.ca\/wp-content\/plugins\/gravityforms\/images\/spinner.svg', true );jQuery('#gform_ajax_frame_12').on('load',function(){var contents = jQuery(this).contents().find('*').html();var is_postback = contents.indexOf('GF_AJAX_POSTBACK') >= 0;if(!is_postback){return;}var form_content = jQuery(this).contents().find('#gform_wrapper_12');var is_confirmation = jQuery(this).contents().find('#gform_confirmation_wrapper_12').length > 0;var is_redirect = contents.indexOf('gformRedirect(){') >= 0;var is_form = form_content.length > 0 && ! is_redirect && ! is_confirmation;var mt = parseInt(jQuery('html').css('margin-top'), 10) + parseInt(jQuery('body').css('margin-top'), 10) + 100;if(is_form){form_content.find('form').css('opacity', 0);jQuery('#gform_wrapper_12').html(form_content.html());if(form_content.hasClass('gform_validation_error')){jQuery('#gform_wrapper_12').addClass('gform_validation_error');} else {jQuery('#gform_wrapper_12').removeClass('gform_validation_error');}setTimeout( function() { \/* delay the scroll by 50 milliseconds to fix a bug in chrome *\/  }, 50 );if(window['gformInitDatepicker']) {gformInitDatepicker();}if(window['gformInitPriceFields']) {gformInitPriceFields();}var current_page = jQuery('#gform_source_page_number_12').val();gformInitSpinner( 12, 'https:\/\/firewell.ca\/wp-content\/plugins\/gravityforms\/images\/spinner.svg', true );jQuery(document).trigger('gform_page_loaded', [12, current_page]);window['gf_submitting_12'] = false;}else if(!is_redirect){var confirmation_content = jQuery(this).contents().find('.GF_AJAX_POSTBACK').html();if(!confirmation_content){confirmation_content = contents;}jQuery('#gform_wrapper_12').replaceWith(confirmation_content);jQuery(document).trigger('gform_confirmation_loaded', [12]);window['gf_submitting_12'] = false;wp.a11y.speak(jQuery('#gform_confirmation_message_12').text());}else{jQuery('#gform_12').append(contents);if(window['gformRedirect']) {gformRedirect();}}jQuery(document).trigger(\"gform_pre_post_render\", [{ formId: \"12\", currentPage: \"current_page\", abort: function() { this.preventDefault(); } }]);        if (event && event.defaultPrevented) {                return;        }        const gformWrapperDiv = document.getElementById( \"gform_wrapper_12\" );        if ( gformWrapperDiv ) {            const visibilitySpan = document.createElement( \"span\" );            visibilitySpan.id = \"gform_visibility_test_12\";            gformWrapperDiv.insertAdjacentElement( \"afterend\", visibilitySpan );        }        const visibilityTestDiv = document.getElementById( \"gform_visibility_test_12\" );        let postRenderFired = false;        function triggerPostRender() {            if ( postRenderFired ) {                return;            }            postRenderFired = true;            gform.core.triggerPostRenderEvents( 12, current_page );            if ( visibilityTestDiv ) {                visibilityTestDiv.parentNode.removeChild( visibilityTestDiv );            }        }        function debounce( func, wait, immediate ) {            var timeout;            return function() {                var context = this, args = arguments;                var later = function() {                    timeout = null;                    if ( !immediate ) func.apply( context, args );                };                var callNow = immediate && !timeout;                clearTimeout( timeout );                timeout = setTimeout( later, wait );                if ( callNow ) func.apply( context, args );            };        }        const debouncedTriggerPostRender = debounce( function() {            triggerPostRender();        }, 200 );        if ( visibilityTestDiv && visibilityTestDiv.offsetParent === null ) {            const observer = new MutationObserver( ( mutations ) => {                mutations.forEach( ( mutation ) => {                    if ( mutation.type === 'attributes' && visibilityTestDiv.offsetParent !== null ) {                        debouncedTriggerPostRender();                        observer.disconnect();                    }                });            });            observer.observe( document.body, {                attributes: true,                childList: false,                subtree: true,                attributeFilter: [ 'style', 'class' ],            });        } else {            triggerPostRender();        }    } );} ); \n\/* ]]> *\/\n<\/script>\n\n","protected":false},"excerpt":{"rendered":"<p>Nous cherchons des pompiers, chercheurs, professionnels de la sant\u00e9 et autres intervenants pertinents partout au Canada qui souhaitent travailler avec l\u2019\u00e9quipe FIREWELL pour optimiser la participation au travail des pompiers. Les pompiers qui s\u2019int\u00e9ressent \u00e0 la recherche peuvent participer \u00e0 divers aspects des recherches FIREWELL. Si vous souhaitez devenir collaborateur FIREWELL, veuillez compl\u00e9ter le formulaire [&hellip;]<\/p>\n","protected":false},"author":12,"featured_media":0,"parent":3142,"menu_order":0,"comment_status":"closed","ping_status":"closed","template":"","meta":{"_acf_changed":false,"_bbp_topic_count":0,"_bbp_reply_count":0,"_bbp_total_topic_count":0,"_bbp_total_reply_count":0,"_bbp_voice_count":0,"_bbp_anonymous_reply_count":0,"_bbp_topic_count_hidden":0,"_bbp_reply_count_hidden":0,"_bbp_forum_subforum_count":0,"footnotes":""},"class_list":["post-3123","page","type-page","status-publish","hentry"],"acf":[],"_links":{"self":[{"href":"https:\/\/firewell.ca\/fr\/wp-json\/wp\/v2\/pages\/3123","targetHints":{"allow":["GET"]}}],"collection":[{"href":"https:\/\/firewell.ca\/fr\/wp-json\/wp\/v2\/pages"}],"about":[{"href":"https:\/\/firewell.ca\/fr\/wp-json\/wp\/v2\/types\/page"}],"author":[{"embeddable":true,"href":"https:\/\/firewell.ca\/fr\/wp-json\/wp\/v2\/users\/12"}],"replies":[{"embeddable":true,"href":"https:\/\/firewell.ca\/fr\/wp-json\/wp\/v2\/comments?post=3123"}],"version-history":[{"count":0,"href":"https:\/\/firewell.ca\/fr\/wp-json\/wp\/v2\/pages\/3123\/revisions"}],"up":[{"embeddable":true,"href":"https:\/\/firewell.ca\/fr\/wp-json\/wp\/v2\/pages\/3142"}],"wp:attachment":[{"href":"https:\/\/firewell.ca\/fr\/wp-json\/wp\/v2\/media?parent=3123"}],"curies":[{"name":"wp","href":"https:\/\/api.w.org\/{rel}","templated":true}]}}