{"id":3121,"date":"2016-10-28T13:39:15","date_gmt":"2016-10-28T17:39:15","guid":{"rendered":"http:\/\/firewell.ca\/current-studies\/"},"modified":"2018-03-14T10:09:23","modified_gmt":"2018-03-14T14:09:23","slug":"current-studies","status":"publish","type":"page","link":"https:\/\/firewell.ca\/fr\/research\/current-studies\/","title":{"rendered":"\u00c9tudes en cours"},"content":{"rendered":"<p class=\"intro\">FIREWELL s\u2019engage \u00e0 effectuer des recherches de qualit\u00e9 pour am\u00e9liorer la sant\u00e9 et la s\u00e9curit\u00e9 des pompiers.<\/p>\n<hr \/>\n<h4>Titre du projet\u00a0: FIRE-WELL (Entreprise de r\u00e9duction des blessures des pompiers: pour une vie personnelle et professionnelle plus saine)<\/h4>\n<p><strong>Chercheur principal\u00a0:<\/strong> MacDermid J<\/p>\n<p><strong>Cochercheurs\u00a0:<\/strong> Barber D, Roche K, Baptiste S, Pysklywec M, Woodhouse L<\/p>\n<p><strong>Organisme de financement\u00a0: <\/strong>Institut de recherche en sant\u00e9 du Canada (Partenariats pour l&#8217;am\u00e9lioration des syst\u00e8mes de sant\u00e9)<\/p>\n<p><strong>Description du projet\u00a0:<\/strong> L\u2019objectif de ce projet est d\u2019examiner et de caract\u00e9riser les probl\u00e8mes de sant\u00e9 identifi\u00e9s par un d\u00e9pistage musculo-squelettique performance fonctionnelle. 293 pompiers ont r\u00e9pondu \u00e0 des sondages sur leur sant\u00e9 et leur travail \u00e0 diff\u00e9rents moments (base de r\u00e9f\u00e9rence, 6, 12 et 24 mois). Un sous-ensemble de 150 pompiers a subi des d\u00e9pistages suppl\u00e9mentaires pour les troubles musculo-squelettiques; ils ont aussi compl\u00e9t\u00e9s deux t\u00e2ches professionnelles simul\u00e9es (transport de tuyau, ascension de marches avec \u00e9quipement \u00e9difice). Nous utiliserons des mod\u00e8les math\u00e9matiques pour d\u00e9terminer la pr\u00e9valence et la distribution du fardeau de maladie et d\u2019invalidit\u00e9 v\u00e9cu par les pompiers.<\/p>\n<p><strong>Statut actuel\u00a0: <\/strong>Analyse de donn\u00e9es et r\u00e9daction de rapports<\/p>\n<hr \/>\n<h4>Titre du projet\u00a0: Am\u00e9liorer la sant\u00e9 et la performance des pompiers\u00a0: strat\u00e9gies de pr\u00e9vention des blessures personnalis\u00e9es en fonction de l\u2019\u00e2ge et du sexe<\/h4>\n<p><strong>Cochercheurs\u00a0principaux\u00a0:<\/strong> MacDermid JC, Sinden K<\/p>\n<p><strong>Cochercheurs\u00a0:<\/strong> D\u2019Amico R &#038; Roche R<\/p>\n<p><strong>Organisme de financement :<\/strong> Minist\u00e8re du Travail<\/p>\n<p><strong>Description du projet\u00a0:<\/strong> L\u2019objectif de ce projet est de comprendre comment l\u2019\u00e2ge et le sexe affectent l\u2019ex\u00e9cution des t\u00e2ches, les r\u00e9sultats de sant\u00e9 et les indicateurs de forme physique. Nous \u00e9tudierons 330 pompiers en Ontario pour identifier et caract\u00e9riser les probl\u00e8mes et les limitations qu\u2019ils vivent. Un sous-groupe (n=100) de ces m\u00eames pompiers compl\u00e9tera deux t\u00e2ches professionnelles simul\u00e9es (transport de tuyau, ascension de marches avec \u00e9quipement \u00e9difice). Pendant que les pompiers ex\u00e9cuteront ces t\u00e2ches, nous obtiendrons des images vid\u00e9o pour analyser leur performance. Nous surveillerons aussi leur tension et leur pouls pour d\u00e9terminer comment la forme physique affecte leur capacit\u00e9 \u00e0 ex\u00e9cuter ces t\u00e2ches. Des mod\u00e8les math\u00e9matiques nous aideront \u00e0 identifier comment le sexe, l\u2019\u00e2ge et l\u2019environnement professionnel affectent\u00a0: les limitations au travail, les m\u00e9thodes utilis\u00e9es pour ex\u00e9cuter les t\u00e2ches et comment la forme physique affecte la capacit\u00e9 \u00e0 ex\u00e9cuter ces t\u00e2ches. Nous utiliserons les r\u00e9sultats pour d\u00e9terminer les domaines de formation \u00e0 cibler et mettre au point une strat\u00e9gie de pr\u00e9vention des blessures qui am\u00e9liore la sant\u00e9 et la performance des pompiers.<\/p>\n<p><strong>Statut actuel\u00a0:<\/strong> Recrutement actif et collecte de donn\u00e9es<\/p>\n<hr \/>\n<h4>Titre du projet\u00a0: Cr\u00e9ation d\u2019outils valid\u00e9s pour am\u00e9liorer la sant\u00e9 professionnelle des pompiers\u00a0: approche TEAM<\/h4>\n<p><strong>Chercheur principal\u00a0:<\/strong> MacDermid JC<\/p>\n<p><strong>Cochercheurs\u00a0:<\/strong> D\u2019Amico R, Roche K, Sinden K<\/p>\n<p><strong>Organisme de financement :<\/strong> Institut de recherche en sant\u00e9 du Canada (Subvention de fonctionnement \u2013 Des connaissances \u00e0 la pratique)<\/p>\n<p><strong>Description du projet\u00a0:<\/strong> L\u2019objectif de ce projet est d\u2019utiliser nos r\u00e9sultats de recherche pour cr\u00e9er des outils permettant d\u2019am\u00e9liorer la sant\u00e9 et la s\u00e9curit\u00e9 des pompiers. Nous cr\u00e9erons une vid\u00e9oth\u00e8que qui montre comment des pompiers d\u2019\u00e2ge, de sexe et de carrure diff\u00e9rents ex\u00e9cutent leurs t\u00e2ches. Avec l\u2019aide de la technologie, nous cr\u00e9erons une analyse intelligente des exigences physiques et des ressources appli\/Web qui permettront aux pompiers d\u2019acc\u00e9der \u00e0 des informations, selon leur travail et leurs caract\u00e9ristiques personnelles, qui indiquent les mouvements requis pour ex\u00e9cuter leurs t\u00e2ches. Nous cr\u00e9erons une communaut\u00e9 de pratique en ligne pour offrir aux pompiers des informations sur les meilleures pratiques et leur permettre d\u2019interagir avec coll\u00e8gues et chercheurs.<\/p>\n<p><strong>Statut actuel\u00a0:<\/strong> Recrutement actif et collecte de donn\u00e9es<\/p>\n<hr \/>\n<h4>Titre du projet\u00a0: FIRE-WELL: Entreprise de r\u00e9duction des blessures des pompiers: accommodements pour une vie personnelle et professionnelle plus saine<\/h4>\n<p><strong>Chercheur principal\u00a0:<\/strong> MacDermid JC<\/p>\n<p><strong>Cochercheurs\u00a0:<\/strong> D\u2019Amico R, Frewen P, Sinden K, Stock S<\/p>\n<p><strong>Collaborateurs\u00a0:<\/strong> Pysklywec M, Scott L, Petersen S, Jamnik V<\/p>\n<p><strong>Organisme de financement :<\/strong> Institut de recherche en sant\u00e9 du Canada (IRSC) et Conseil de recherches en sciences humaines du Canada (CRSH) \u2013 Sant\u00e9 et productivit\u00e9 au travail \u2013 Subventions de d\u00e9veloppement de partenariat.<\/p>\n<p><strong>Description du projet\u00a0:<\/strong> L\u2019objectif de ce projet est de r\u00e9unir des personnes ayant des liens forts avec les pompiers et b\u00e2tir un vaste r\u00e9seau de chercheurs, pompiers, gestionnaires d\u2019invalidit\u00e9, cliniciens, repr\u00e9sentants syndicaux, comit\u00e9s de sant\u00e9 et s\u00e9curit\u00e9, employeurs et autres intervenants. L\u2019\u00e9quipe cataloguera l\u2019ensemble des programmes et projets de recherche en sant\u00e9 sp\u00e9cifique \u00e0 la lutte contre l\u2019incendie au Canada. Nous d\u00e9terminerons ensuite par consensus les priorit\u00e9s des pompiers pour le maintien de la participation au travail. Puis, nous testerons des prototypes d\u2019interventions et de processus qui r\u00e9pondent \u00e0 leurs besoins pour le maintien du service.<\/p>\n<p><strong>Statut actuel\u00a0:<\/strong> Recrutement actif et collecte de donn\u00e9es<\/p>\n<hr \/>\n<h4>Titre du projet\u00a0: Fardeau de blessures des pompiers relatif aux caract\u00e9ristiques sp\u00e9cifiques de la lutte contre l\u2019incendie<\/h4>\n<p><strong>Chercheur principal\u00a0:<\/strong> Sinden KE<\/p>\n<p><strong>Cochercheurs\u00a0:<\/strong> Hay J, MacDermid JC<\/p>\n<p><strong>Organisme de financement : <\/strong>Conseil canadien des directeurs provinciaux et des commissaires des incendies et Association canadienne des chefs de pompiers<\/p>\n<p><strong>Description du projet\u00a0:<\/strong> La Base de donn\u00e9es nationale des incidents d\u2019incendie (NFID) sera utilis\u00e9e pour am\u00e9liorer notre compr\u00e9hension de la relation entre les caract\u00e9ristiques du lieu de l\u2019incendie et les blessures des pompiers, selon la r\u00e9gion du Canada. L\u2019objectif g\u00e9n\u00e9ral de ce projet de recherche est d\u2019\u00e9tudier et d\u2019analyser les donn\u00e9es de la base de donn\u00e9es NFID pour d\u00e9terminer comment les caract\u00e9ristiques du lieu de l\u2019incendie (attributs personnels des pompiers, \u00e9quipement de protection individuelle, caract\u00e9ristiques de l\u2019incendie et victimes de l\u2019incendie, etc.) sont li\u00e9s aux blessures de pompiers, partout au Canada. Nous croyons que les r\u00e9sultats de ces recherches seront essentiels pour le d\u00e9veloppement et la mise en \u0153uvre de strat\u00e9gies sp\u00e9cifiques aux t\u00e2ches sur le lieu d\u2019un incendie et \u00e0 chaque pompier.<\/p>\n<p><strong>Statut actuel\u00a0: <\/strong>Analyse de donn\u00e9es<\/p>\n<hr \/>\n<h4>Titre du projet\u00a0: Adaptation des modules TEAM-Feedback au contexte\u00a0: renforcement des capacit\u00e9s en pr\u00e9vention des blessures chez les pompiers<\/h4>\n<p><strong>Chercheur principal\u00a0:<\/strong> Sinden KE<\/p>\n<p><strong>Cochercheurs\u00a0:<\/strong> Hay J, MacDermid JC, Carnahan H, Brazil A<\/p>\n<p><strong>Organisme de financement :<\/strong> R\u00e9seau de recherche en r\u00e9adaptation musculo-squelettique canadien (Canadian MSK Rehab Research Network)<\/p>\n<p><strong>Description du projet\u00a0:<\/strong> L\u2019objectif de ce projet pilote est de d\u00e9terminer si les outils con\u00e7us pour pr\u00e9venir les blessures musculo-squelettiques chez les pompiers de Hamilton peuvent \u00eatre adapt\u00e9s \u00e0 d\u2019autres services d\u2019incendie (Thunder Bay, St. John\u2019s, \u00cele-du-Prince-\u00c9douard) pour r\u00e9duire l\u2019impact des blessures musculo-squelettiques. En Phase 1, nous identifierons les types de blessures musculo-squelettiques dont souffrent les pompiers de chaque service d\u2019incendie. En Phase 2, nous rencontrerons les pompiers pour d\u00e9terminer si notre analyse des exigences physiques s\u2019applique \u00e0 leur environnement de travail. En Phase 3, nous rencontrerons les pompiers pour d\u00e9terminer si les modules existants qui offrent une r\u00e9troaction ergonomique, ou \u00ab\u00a0TEAM-Feedback\u00a0\u00bb, sont appropri\u00e9s pour les probl\u00e8mes musculo-squelettiques identifi\u00e9s. Les r\u00e9sultats et outils d\u00e9coulant de ces \u00e9tudes pilote formeront la base de futures \u00e9tudes visant \u00e0 d\u00e9terminer si ces approches ont un impact \u00e0 long terme sur la sant\u00e9 musculo-squelettique des pompiers.<\/p>\n<p><strong>Statut actuel\u00a0:<\/strong> Pas encore en recrutement<\/p>\n<hr \/>\n<h4>Titre du projet\u00a0: Adaptation des outils pour le travail modifi\u00e9 des pompiers souffrant de troubles musculo-squelettiques<\/h4>\n<p><strong>Chercheur principal\u00a0:<\/strong> Stock S<\/p>\n<p><strong>Cochercheurs\u00a0:<\/strong> Sinden K, MacDermid JC, Cote J, Dionne C, Vezina N, Ross C, Didane O<\/p>\n<p><strong>Organisme de financement :<\/strong> R\u00e9seau de recherche en r\u00e9adaptation musculo-squelettique canadien (Canadian MSK Rehab Research Network)<\/p>\n<p><strong>Description du projet\u00a0:<\/strong> L\u2019objectif de ce projet pilote est d\u2019adapter l\u2019ouvrage \u00ab\u00a0Troubles musculo-squelettiques\u00a0: Guide et outils pour le maintien et le retour au travail (OMRT)\u00a0\u00bb au contexte professionnel sp\u00e9cifique des pompiers. Nous identifierons les d\u00e9fis professionnels sp\u00e9cifiques aux pompiers souffrant de troubles musculo-squelettiques (TMS) qui influencent leur retour au travail et la s\u00e9lection de responsabilit\u00e9s modifi\u00e9es. Nous \u00e9tudierons les OMRT existants et identifierons les sections \u00e0 modifier pour mieux r\u00e9pondre aux besoins sp\u00e9cifiques des pompiers souffrant de TMS. Le guide et les outils OMRT seront adapt\u00e9s aux besoins des pompiers et pr\u00e9sent\u00e9s \u00e0 des groupes de travail de pompiers et leurs directeurs au Qu\u00e9bec et en Ontario pour commentaires et suggestions d\u2019am\u00e9lioration. Ce guide et ces outils OMRT r\u00e9vis\u00e9 pour les pompiers seront produits en anglais et en fran\u00e7ais et test\u00e9s \u00e0 l\u2019\u00e9chelle nationale dans le cadre de projets de recherche futurs.<\/p>\n<p><strong>Statut actuel\u00a0:<\/strong> Pas encore en recrutement<\/p>\n","protected":false},"excerpt":{"rendered":"<p>FIREWELL s\u2019engage \u00e0 effectuer des recherches de qualit\u00e9 pour am\u00e9liorer la sant\u00e9 et la s\u00e9curit\u00e9 des pompiers. Titre du projet\u00a0: FIRE-WELL (Entreprise de r\u00e9duction des blessures des pompiers: pour une vie personnelle et professionnelle plus saine) Chercheur principal\u00a0: MacDermid J Cochercheurs\u00a0: Barber D, Roche K, Baptiste S, Pysklywec M, Woodhouse L Organisme de financement\u00a0: Institut [&hellip;]<\/p>\n","protected":false},"author":12,"featured_media":0,"parent":3142,"menu_order":0,"comment_status":"closed","ping_status":"closed","template":"","meta":{"_acf_changed":false,"_bbp_topic_count":0,"_bbp_reply_count":0,"_bbp_total_topic_count":0,"_bbp_total_reply_count":0,"_bbp_voice_count":0,"_bbp_anonymous_reply_count":0,"_bbp_topic_count_hidden":0,"_bbp_reply_count_hidden":0,"_bbp_forum_subforum_count":0,"footnotes":""},"class_list":["post-3121","page","type-page","status-publish","hentry"],"acf":[],"_links":{"self":[{"href":"https:\/\/firewell.ca\/fr\/wp-json\/wp\/v2\/pages\/3121","targetHints":{"allow":["GET"]}}],"collection":[{"href":"https:\/\/firewell.ca\/fr\/wp-json\/wp\/v2\/pages"}],"about":[{"href":"https:\/\/firewell.ca\/fr\/wp-json\/wp\/v2\/types\/page"}],"author":[{"embeddable":true,"href":"https:\/\/firewell.ca\/fr\/wp-json\/wp\/v2\/users\/12"}],"replies":[{"embeddable":true,"href":"https:\/\/firewell.ca\/fr\/wp-json\/wp\/v2\/comments?post=3121"}],"version-history":[{"count":0,"href":"https:\/\/firewell.ca\/fr\/wp-json\/wp\/v2\/pages\/3121\/revisions"}],"up":[{"embeddable":true,"href":"https:\/\/firewell.ca\/fr\/wp-json\/wp\/v2\/pages\/3142"}],"wp:attachment":[{"href":"https:\/\/firewell.ca\/fr\/wp-json\/wp\/v2\/media?parent=3121"}],"curies":[{"name":"wp","href":"https:\/\/api.w.org\/{rel}","templated":true}]}}