{"id":2051,"date":"2016-06-21T15:47:00","date_gmt":"2016-06-21T19:47:00","guid":{"rendered":"http:\/\/firewell.ca\/terms\/"},"modified":"2017-05-18T15:36:23","modified_gmt":"2017-05-18T19:36:23","slug":"terms","status":"publish","type":"page","link":"https:\/\/firewell.ca\/fr\/terms\/","title":{"rendered":"Termes et Conditions"},"content":{"rendered":"<p><strong>En acc\u00e9dant \u00e0 une quelconque partie du Site Web FIREWELL, l\u2019utilisateur accepte les conditions \u00e9nonc\u00e9es ci-dessous.<\/strong><\/p>\n<p>1. <strong>Utilisation du Site<\/strong><br \/>\nLe Site Web FIREWELL (firewell.ca) est un service gratuit offert par l\u2019\u00c9quipe FIREWELL. Les informations contenues dans le Site Web FIREWELL sont fournies \u00e0 des fins d\u2019information et d\u2019\u00e9ducation uniquement. Elles sont pr\u00e9sent\u00e9es telles quelles, sans garantie d\u2019aucune sorte. L\u2019\u00c9quipe FIREWELL ne fait aucune repr\u00e9sentation et rejette toute garantie expr\u00e8s ou implicite et toute condition, incluant notamment les repr\u00e9sentations, garanties ou conditions concernant l\u2019exactitude, l\u2019opportunit\u00e9, l\u2019exhaustivit\u00e9, l&#8217;absence de contrefa\u00e7on, la qualit\u00e9 marchande ou l&#8217;adaptation \u00e0 un usage particulier. McMaster ne peut \u00eatre tenue responsable envers vous ou un tiers des cons\u00e9quences de quelconques erreurs ou omissions. L\u2019abonn\u00e9 du Site Web FIREWELL reconna\u00eet express\u00e9ment que les informations figurant sur ce site peuvent \u00eatre fournies par des clubs, associations ou organismes ind\u00e9pendants et que l\u2019\u00c9quipe FIREWELL n\u2019est pas responsable de ces informations et contenus. L\u2019\u00c9quipe FIREWELL n\u2019assume aucune responsabilit\u00e9 quant \u00e0 ces contenus et informations.<\/p>\n<p>2. <strong>Exon\u00e9ration de responsabilit\u00e9 de l\u2019\u00c9quipe FIREWELL<\/strong><br \/>\nVous acceptez \u00e9galement de tenir quitte et indemne l\u2019\u00c9quipe FIREWELL \u00e0 l\u2019\u00e9gard de toute responsabilit\u00e9, r\u00e9clamation, dommage, action et co\u00fbt d\u00fb ou li\u00e9 \u00e0 l\u2019utilisation, l\u2019examen ou la reproduction du Site Web FIREWELL.<\/p>\n<p>3. <strong>Limitation de responsabilit\u00e9 <\/strong><br \/>\nL\u2019\u00c9quipe FIREWELL se d\u00e9gage de toute responsabilit\u00e9 envers vous et\/ou toute tierce partie quant aux dommages, quels qu&#8217;ils soient, qui pourraient faire suite ou tous ordres r\u00e9sultant de ou li\u00e9s \u00e0 l\u2019usage ou \u00eatre associ\u00e9s \u00e0 l&#8217;utilisation du Site Web FIREWELL, y compris, sans s&#8217;y limiter, les pertes de b\u00e9n\u00e9fices et de possibilit\u00e9s et les dommages particuliers, accessoires, indirects, cons\u00e9cutifs ou punitifs, sans \u00e9gard \u00e0 un avis contraire de votre part \u00e0 l\u2019\u00c9quipe FIREWELL.<\/p>\n<p>4. <strong>Conseils<\/strong><br \/>\nNi l\u2019\u00c9quipe FIREWELL ni ses dirigeants, administrateurs, employ\u00e9s ou agents n\u2019offre aucune recommandation concernant aucune question p\u00e9dagogique ou autre d\u00e9crite dans le Site Web FIREWELL.<\/p>\n<p>5. <strong>Reproduction de contenus<\/strong><br \/>\nLe contenu, \u00e0 l\u2019exception de tout logo ou autre repr\u00e9sentation visuelle, du Site Web FIREWELL ou de tout site li\u00e9 peut \u00eatre utilis\u00e9 et reproduit exclusivement pour un usage non commercial, personnel ou p\u00e9dagogique pourvu qu\u2019il ne soit pas modifi\u00e9 et que les droits d\u2019auteur et avis juridiques ou relatifs \u00e0 la propri\u00e9t\u00e9 intellectuelle qu\u2019il contient soient maintenus. De tels renseignements ne peuvent \u00eatre utilis\u00e9s, reproduits, diffus\u00e9s, publi\u00e9s ou distribu\u00e9s de toute autre mani\u00e8re sans avoir pr\u00e9alablement obtenu l&#8217;autorisation \u00e9crite de l\u2019\u00c9quipe FIREWELL.<\/p>\n<p>6. <strong>Links vers d\u2019autres sites<\/strong><br \/>\nLe Site Web FIREWELL peut renvoyer les utilisateurs, par liens, vers des sites qui ne sont pas maintenus par l\u2019\u00c9quipe FIREWELL. The \u00c9quipe FIREWELL ne peut garantir l&#8217;exactitude, l&#8217;exhaustivit\u00e9, l&#8217;opportunit\u00e9, l&#8217;absence de contrefa\u00e7on, la qualit\u00e9 marchande ou l&#8217;adaptation \u00e0 un usage particulier de toute information disponible via ces liens et d\u00e9cline toute responsabilit\u00e9 \u00e0 l&#8217;\u00e9gard des opinions qui sont exprim\u00e9es sur ces sites.<\/p>\n<p>7. <strong>Propri\u00e9t\u00e9 intellectuelle<\/strong><br \/>\nL\u2019information publi\u00e9e sur le Site Web FIREWELL est prot\u00e9g\u00e9e par des droits d\u2019auteur, des marques de commerce et d\u2019autres droits de propri\u00e9t\u00e9. Elle est la propri\u00e9t\u00e9 ou sous le contr\u00f4le de l\u2019\u00c9quipe FIREWELL ou de toute autre partie reconnue comme en \u00e9tant la source.<\/p>\n<p>8. <strong>Int\u00e9grit\u00e9 du syst\u00e8me<\/strong><br \/>\nIl ne vous est pas permis d&#8217;utiliser un dispositif, un logiciel ou un programme pour nuire ou tenter de nuire au bon fonctionnement du Site Web FIREWELL. Vous ne pouvez pas non plus effectuer d\u2019op\u00e9ration imposant un fardeau d\u00e9raisonnable ou disproportionn\u00e9 \u00e0 l&#8217;infrastructure du Site Web FIREWELL.<\/p>\n<p>9. <strong>Loi applicable<\/strong><br \/>\nL\u2019entente est r\u00e9put\u00e9e \u00eatre interpr\u00e9t\u00e9e et appliqu\u00e9e conform\u00e9ment aux lois de la province de l\u2019Ontario.<\/p>\n<p>10. <strong>D\u00e9clarations<\/strong><br \/>\nLes informations contenues sur le Site Web FIREWELL sont offertes par l\u2019\u00c9quipe FIREWELL, c\/o Universit\u00e9 McMaster, 1280 rue Main ouest, Hamilton, Ontario, L8S 4L8.<\/p>\n<p>11. <strong>Int\u00e9gralit\u00e9 de l\u2019entente<\/strong><br \/>\nCette entente constitue l\u2019int\u00e9gralit\u00e9 de l\u2019entente entre vous et l\u2019\u00c9quipe FIREWELL et remplace toute autre entente. Aucune autre repr\u00e9sentation ou garantie n\u2019est faite sauf celles contenues dans cette entente.<\/p>\n<p>12. <strong>Annulation du Site Web FIREWELL<\/strong><br \/>\nL\u2019\u00c9quipe FIREWELL se r\u00e9serve le droit de mettre fin ou de modifier, d\u2019une quelconque mani\u00e8re, le Site Web FIREWELL, et\/ou toute partie de tout site Web li\u00e9, lien ou programme de lien, \u00e0 tout moment et pour toute raison.<\/p>\n","protected":false},"excerpt":{"rendered":"<p>En acc\u00e9dant \u00e0 une quelconque partie du Site Web FIREWELL, l\u2019utilisateur accepte les conditions \u00e9nonc\u00e9es ci-dessous. 1. Utilisation du Site Le Site Web FIREWELL (firewell.ca) est un service gratuit offert par l\u2019\u00c9quipe FIREWELL. Les informations contenues dans le Site Web FIREWELL sont fournies \u00e0 des fins d\u2019information et d\u2019\u00e9ducation uniquement. Elles sont pr\u00e9sent\u00e9es telles quelles, [&hellip;]<\/p>\n","protected":false},"author":1,"featured_media":0,"parent":0,"menu_order":0,"comment_status":"closed","ping_status":"closed","template":"","meta":{"_acf_changed":false,"_bbp_topic_count":0,"_bbp_reply_count":0,"_bbp_total_topic_count":0,"_bbp_total_reply_count":0,"_bbp_voice_count":0,"_bbp_anonymous_reply_count":0,"_bbp_topic_count_hidden":0,"_bbp_reply_count_hidden":0,"_bbp_forum_subforum_count":0,"footnotes":""},"class_list":["post-2051","page","type-page","status-publish","hentry"],"acf":[],"_links":{"self":[{"href":"https:\/\/firewell.ca\/fr\/wp-json\/wp\/v2\/pages\/2051","targetHints":{"allow":["GET"]}}],"collection":[{"href":"https:\/\/firewell.ca\/fr\/wp-json\/wp\/v2\/pages"}],"about":[{"href":"https:\/\/firewell.ca\/fr\/wp-json\/wp\/v2\/types\/page"}],"author":[{"embeddable":true,"href":"https:\/\/firewell.ca\/fr\/wp-json\/wp\/v2\/users\/1"}],"replies":[{"embeddable":true,"href":"https:\/\/firewell.ca\/fr\/wp-json\/wp\/v2\/comments?post=2051"}],"version-history":[{"count":0,"href":"https:\/\/firewell.ca\/fr\/wp-json\/wp\/v2\/pages\/2051\/revisions"}],"wp:attachment":[{"href":"https:\/\/firewell.ca\/fr\/wp-json\/wp\/v2\/media?parent=2051"}],"curies":[{"name":"wp","href":"https:\/\/api.w.org\/{rel}","templated":true}]}}